{"id":3,"date":"2020-11-24T15:35:33","date_gmt":"2020-11-24T15:35:33","guid":{"rendered":"https:\/\/lenguajeyemociones.com\/web\/?page_id=3"},"modified":"2020-12-01T18:00:38","modified_gmt":"2020-12-01T18:00:38","slug":"privacidad","status":"publish","type":"page","link":"https:\/\/www.lenguajeyemociones.com\/web\/privacidad\/","title":{"rendered":"Pol\u00edtica de privacidad"},"content":{"rendered":"\n<h2 class=\"wp-block-heading\">Quienes somos<\/h2>\n\n\n\n<p>Somos una consulta de psicolog\u00eda localizada en el barrio del Carmen de Murcia en el entresuelo A del n\u00famero 26 del Paseo Marqu\u00e9s de Corvera de Murcia. Nuestra web es https:\/\/www.lenguajeyemociones.com<\/p>\n\n\n\n<h2 class=\"wp-block-heading\">Datos personales recopilados<\/h2>\n\n\n\n<h3 class=\"wp-block-heading\">Visitando la web<\/h3>\n\n\n\n<p>No almacenamos ni registramos ning\u00fan dato personal mientras visitas nuestro sitio web. Tan s\u00f3lo la informaci\u00f3n t\u00e9cnica que permite elaborar estad\u00edsticas de visitas a la web.<\/p>\n\n\n\n<h3 class=\"wp-block-heading\">Formulario de contacto<\/h3>\n\n\n\n<p>La informaci\u00f3n que nos env\u00edan a trav\u00e9s del <a rel=\"noreferrer noopener\" href=\"https:\/\/www.lenguajeyemociones.com\/web\/contacto\/\" target=\"_blank\">formulario de la web<\/a>, se utiliza \u00fanicamente para prestarle el servicio solicitado. No obstante, <strong>le recomendamos que no env\u00eden informaci\u00f3n personal a trav\u00e9s de \u00e9l<\/strong>. Contacte con nosotras para m\u00e1s informaci\u00f3n. <\/p>\n\n\n\n<h3 class=\"wp-block-heading\">Cookies<\/h3>\n\n\n\n<p>Nuestra web s\u00f3lo utiliza cookies de sesi\u00f3n que sirven para generar las estad\u00edsticas de visitas a la web y para identificar a los usuarios registrados. Son cookies \u00abt\u00e9cnicas\u00bb, necesarias para el funcionamiento de la web y que no recopilan datos de car\u00e1cter personal.<\/p>\n\n\n\n<h3 class=\"wp-block-heading\">Con qui\u00e9n compartimos datos<\/h3>\n\n\n\n<p>No compartimos datos.<\/p>\n\n\n\n<h3 class=\"wp-block-heading\">Cu\u00e1nto tiempo se conservan los datos<\/h3>\n\n\n\n<p>Conservamos los datos el tiempo que dure la prestaci\u00f3n de nuestros servicios o lo que exija la legislaci\u00f3n vigente.<\/p>\n\n\n\n<h2 class=\"wp-block-heading\">Derechos sobre tus datos<\/h2>\n\n\n\n<p>Puedes solicitar la eliminaci\u00f3n de tus datos personales enviando un e-mail a info@lenguajeyemociones.com<\/p>\n\n\n\n<p><\/p>\n","protected":false},"excerpt":{"rendered":"<p>Quienes somos Somos una consulta de psicolog\u00eda localizada en el barrio del Carmen de Murcia en el entresuelo A del n\u00famero 26 del Paseo Marqu\u00e9s de Corvera de Murcia. Nuestra web es https:\/\/www.lenguajeyemociones.com Datos personales recopilados Visitando la web No almacenamos ni registramos ning\u00fan dato personal mientras visitas nuestro sitio web. Tan s\u00f3lo la informaci\u00f3n&hellip;&nbsp;<a href=\"https:\/\/www.lenguajeyemociones.com\/web\/privacidad\/\" rel=\"bookmark\">Leer m\u00e1s &raquo;<span class=\"screen-reader-text\">Pol\u00edtica de privacidad<\/span><\/a><\/p>\n","protected":false},"author":1,"featured_media":0,"parent":0,"menu_order":0,"comment_status":"closed","ping_status":"open","template":"","meta":{"neve_meta_sidebar":"","neve_meta_container":"","neve_meta_enable_content_width":"","neve_meta_content_width":0,"neve_meta_title_alignment":"","neve_meta_author_avatar":"","neve_post_elements_order":"","neve_meta_disable_header":"","neve_meta_disable_footer":"","neve_meta_disable_title":"","neve_meta_reading_time":"","footnotes":""},"class_list":["post-3","page","type-page","status-publish","hentry"],"jetpack_shortlink":"https:\/\/wp.me\/PcAr6t-3","jetpack_sharing_enabled":true,"_links":{"self":[{"href":"https:\/\/www.lenguajeyemociones.com\/web\/wp-json\/wp\/v2\/pages\/3","targetHints":{"allow":["GET"]}}],"collection":[{"href":"https:\/\/www.lenguajeyemociones.com\/web\/wp-json\/wp\/v2\/pages"}],"about":[{"href":"https:\/\/www.lenguajeyemociones.com\/web\/wp-json\/wp\/v2\/types\/page"}],"author":[{"embeddable":true,"href":"https:\/\/www.lenguajeyemociones.com\/web\/wp-json\/wp\/v2\/users\/1"}],"replies":[{"embeddable":true,"href":"https:\/\/www.lenguajeyemociones.com\/web\/wp-json\/wp\/v2\/comments?post=3"}],"version-history":[{"count":5,"href":"https:\/\/www.lenguajeyemociones.com\/web\/wp-json\/wp\/v2\/pages\/3\/revisions"}],"predecessor-version":[{"id":322,"href":"https:\/\/www.lenguajeyemociones.com\/web\/wp-json\/wp\/v2\/pages\/3\/revisions\/322"}],"wp:attachment":[{"href":"https:\/\/www.lenguajeyemociones.com\/web\/wp-json\/wp\/v2\/media?parent=3"}],"curies":[{"name":"wp","href":"https:\/\/api.w.org\/{rel}","templated":true}]}}